{"id":54,"date":"2019-05-23T15:04:06","date_gmt":"2019-05-23T15:04:06","guid":{"rendered":"http:\/\/eh2solutions.com\/?page_id=54"},"modified":"2023-03-21T07:39:03","modified_gmt":"2023-03-21T07:39:03","slug":"page-daccueil","status":"publish","type":"page","link":"https:\/\/eh2solutions.com\/fr\/page-daccueil","title":{"rendered":"Bienvenue"},"content":{"rendered":"\n<figure class=\"wp-block-image\"><img fetchpriority=\"high\" decoding=\"async\" width=\"1024\" height=\"664\" src=\"http:\/\/eh2solutions.com\/wp-content\/uploads\/2020\/06\/image-37-1024x664.png\" alt=\"\" class=\"wp-image-229\" srcset=\"https:\/\/eh2solutions.com\/wp-content\/uploads\/2020\/06\/image-37-1024x664.png 1024w, https:\/\/eh2solutions.com\/wp-content\/uploads\/2020\/06\/image-37-300x194.png 300w, https:\/\/eh2solutions.com\/wp-content\/uploads\/2020\/06\/image-37-768x498.png 768w, https:\/\/eh2solutions.com\/wp-content\/uploads\/2020\/06\/image-37.png 1069w\" sizes=\"(max-width: 1024px) 100vw, 1024px\" \/><\/figure>\n\n\n\n<h3 class=\"wp-block-heading\">Vision<\/h3>\n\n\n\n<p><\/p>\n\n\n\n<p>La transition\n\u00e9nerg\u00e9tique ou l\u2019&nbsp;Energiewende est\nbas\u00e9e\nsur\nl&rsquo;intuition que les \u00e9nergies renouvelables peuvent \u00eatre la principale source de\nproduction d&rsquo;\u00e9lectricit\u00e9. <\/p>\n\n\n\n<p>Avec\ne.H2 Solutions&nbsp; \u00ab&nbsp;Energy\n&amp; Hydrogen\u00a0\u00bb,\nnous\ncomprenons qu&rsquo;une infrastructure de production d&rsquo;\u00e9nergie reposant\nsur les renouvelables se d\u00e9veloppera avec le soutien d\u2019une\nproduction\nd&rsquo;origine fossile-efficace et flexible d&rsquo;un c\u00f4t\u00e9 et des solutions de stockage \u00e0\nbase d&rsquo;hydrog\u00e8ne (Power to gas \/ Power to Liquids)\nd&rsquo;autre part. Ce nouveau paradigme \u00e9nerg\u00e9tique est porteur \u00e0 la fois de\ncontraintes et d\u2019opportunit\u00e9s de rupture tant \u00e9conomiques que techniques pour\nl\u2019ensemble des acteurs de l&rsquo;\u00e9nergie.<\/p>\n\n\n\n<p>&nbsp;Avec un r\u00e9seau d\u2019experts\net de professionnels du secteur de l&rsquo;\u00e9nergie, e.H2 Solutions ambitionne d&rsquo;\u00eatre\nun acteur actif de cette r\u00e9volution, conseillant ses clients\ndans l&rsquo;investissement strat\u00e9gique (M &amp; A, projets) et \/ ou de leur\nd\u00e9cisions d\u2019approvisionnement&nbsp; jusqu\u2019\u00e0 la\nphase de mise en oeuvre<\/p>\n\n\n\n<p>Notre\nambition\nprioritaire est de contribuer \u00e0 la r\u00e9duction de l&#8217;empreinte carbone des\nsecteurs Power et Transport.<\/p>\n\n\n\n<h3 class=\"wp-block-heading\">Philippe Boulanger<\/h3>\n\n\n\n<figure class=\"wp-block-image\"><img decoding=\"async\" src=\"http:\/\/eh2solutions.com\/wp-content\/uploads\/2019\/05\/1602-Philippe-SE-rogn\u00e9e-295x300.jpg\" alt=\"\"\/><\/figure>\n\n\n\n<p>Philippe Boulanger est actuellement le pr\u00e9sident de e.H2 Solutions SAS depuis Avril 2014. e.H2 Solutions est un cabinet de conseil en \u00e9nergie qui s\u2019engage pour la r\u00e9duction de l&#8217;empreinte carbone du secteur Power &amp; Transport.<br> Apr\u00e8s un d\u00e9but de carri\u00e8re dans les travaux publics, direction de chantiers en France, Martinique et Australie puis direction de filiale au Venezuela, il \u00e9tablit et d\u00e9veloppe Dalkia en Allemagne (chauffage urbain, cog\u00e9n\u00e9ration, partenariats) et repr\u00e9sente V\u00e9olia en Tha\u00eflande. En 2000, il ouvre le bureau commercial d\u2019Endesa en France afin de participer \u00e0 l\u2019ouverture des march\u00e9s. A partir de 2006, comme directeur du d\u00e9veloppement de Endesa France il participe aux projets de cycles combin\u00e9s et d\u00e9veloppe un portefeuille de projets Eoliens et photovolta\u00efques. Philippe a pass\u00e9 3 ans au si\u00e8ge d\u2019E.ON charg\u00e9 de<br> coordonner les activit\u00e9s pour la France. En tant que Senior Vice-President chez Solvay il a dirig\u00e9 le projet Hydrog\u00e8ne et de d\u00e9ploiement Europ\u00e9en de l\u2019acc\u00e8s direct aux march\u00e9s de gros de l\u2019\u00e9nergie d\u2019Avril 2012 \u00e0 F\u00e9vrier 2014.<br> Philippe Boulanger est ancien \u00e9l\u00e8ve de l&rsquo;Ecole Polytechnique et de l&rsquo;Ecole Nationale des Ponts et Chauss\u00e9es (France) et poss\u00e8de une exp\u00e9rience de plus de 25 ans dans l&rsquo;\u00e9nergie et les infrastructures (eau, d\u00e9chets, g\u00e9nie civil). Par son exp\u00e9rience internationale sur 4 continents M. Boulanger parle couramment le fran\u00e7ais, l\u2019allemand, l\u2019espagnol et l\u2019anglais. Il est consultant aupr\u00e8s de H2V Industry, Carbon Recycling International et de Haya Energy Solutions.<\/p>\n\n\n\n<div class=\"wp-block-image\"><figure class=\"alignleft\"><img decoding=\"async\" src=\"http:\/\/eh2solutions.com\/wp-content\/uploads\/2020\/06\/image-38.png\" alt=\"This image has an empty alt attribute; its file name is image-38.png\"\/><figcaption><a href=\"http:\/\/%20https\/\/www.linkedin.com\/in\/philippe-boulanger-9a4b1511?authType=name&amp;authToken=kJP6&amp;locale=fr_FR&amp;trk=profile_view_lang_sel_click\">Profil LinkedIn<\/a><\/figcaption><\/figure><\/div>\n\n\n\n<p><strong>R\u00e9alisations r\u00e9centes:<\/strong><\/p>\n\n\n\n<ul class=\"wp-block-list\"><li>En partenariat avec Haya Energy Solutions, conseil en strat\u00e9gie de d\u00e9cision d&rsquo;investissement dans les infrastructures \u00e9nerg\u00e9tiques <ul><li>Activit\u00e9 M&amp;A (2 soci\u00e9t\u00e9s fran\u00e7aises de chauffage urbain, 1 producteur ind\u00e9pendant d&rsquo;\u00e9lectricit\u00e9)<\/li><\/ul><ul><li>Optimisation de l&rsquo;approvisionnement \u00e9nerg\u00e9tique (grand consommateur industriel)<\/li><\/ul><ul><li>Soutien &amp; optimisation r\u00e9glementaire (consommateur industriel, producteur d&rsquo;\u00e9lectricit\u00e9 ind\u00e9pendant)<\/li><\/ul><\/li><li>Avec Carbon Recycling International, un soutien r\u00e9glementaire et commercial pour la promotion du m\u00e9thanol renouvelable produit par processus power to liquid &nbsp;et Carbon Capture &amp; utilization<\/li><li>Pour le H2V, passage \u00e0 l\u2019\u00e9chelle (vers le GW) de la production la production d&rsquo;hydrog\u00e8ne par \u00e9lectrolyse de l&rsquo;eau avec les projets H2V Normandy &amp; H2V 59<ul><li>Support au cadre l\u00e9gislatif et r\u00e9glementaire<\/li><\/ul><ul><li>\u00c9tablir les base du business plan en fonction du syst\u00e8me \u00e9lectrique<\/li><\/ul><\/li><\/ul>\n\n\n\n<h3 class=\"wp-block-heading\">Useful Links<\/h3>\n\n\n\n<p><a href=\"http:\/\/hayaenergy.com\/en\/\">Haya Energy Solutions<\/a><\/p>\n\n\n\n<p><a href=\"https:\/\/www.carbonrecycling.is\/\">Carbon Recycling International<\/a><\/p>\n","protected":false},"excerpt":{"rendered":"<p>Vision La transition \u00e9nerg\u00e9tique ou l\u2019&nbsp;Energiewende est bas\u00e9e sur l&rsquo;intuition que les \u00e9nergies renouvelables peuvent \u00eatre la principale source de production d&rsquo;\u00e9lectricit\u00e9. Avec e.H2 Solutions&nbsp; \u00ab&nbsp;Energy &amp; Hydrogen\u00a0\u00bb, nous comprenons qu&rsquo;une infrastructure de production d&rsquo;\u00e9nergie reposant sur les renouvelables se d\u00e9veloppera avec le soutien d\u2019une production d&rsquo;origine fossile-efficace et flexible d&rsquo;un c\u00f4t\u00e9 et des solutions [&hellip;]<\/p>\n","protected":false},"author":1,"featured_media":0,"parent":0,"menu_order":0,"comment_status":"closed","ping_status":"closed","template":"","meta":{"footnotes":""},"class_list":["post-54","page","type-page","status-publish","hentry"],"translation":{"provider":"WPGlobus","version":"3.0.0","language":"fr","enabled_languages":["en","fr"],"languages":{"en":{"title":true,"content":true,"excerpt":false},"fr":{"title":true,"content":true,"excerpt":false}}},"_links":{"self":[{"href":"https:\/\/eh2solutions.com\/fr\/wp-json\/wp\/v2\/pages\/54","targetHints":{"allow":["GET"]}}],"collection":[{"href":"https:\/\/eh2solutions.com\/fr\/wp-json\/wp\/v2\/pages"}],"about":[{"href":"https:\/\/eh2solutions.com\/fr\/wp-json\/wp\/v2\/types\/page"}],"author":[{"embeddable":true,"href":"https:\/\/eh2solutions.com\/fr\/wp-json\/wp\/v2\/users\/1"}],"replies":[{"embeddable":true,"href":"https:\/\/eh2solutions.com\/fr\/wp-json\/wp\/v2\/comments?post=54"}],"version-history":[{"count":22,"href":"https:\/\/eh2solutions.com\/fr\/wp-json\/wp\/v2\/pages\/54\/revisions"}],"predecessor-version":[{"id":347,"href":"https:\/\/eh2solutions.com\/fr\/wp-json\/wp\/v2\/pages\/54\/revisions\/347"}],"wp:attachment":[{"href":"https:\/\/eh2solutions.com\/fr\/wp-json\/wp\/v2\/media?parent=54"}],"curies":[{"name":"wp","href":"https:\/\/api.w.org\/{rel}","templated":true}]}}