{"id":235,"date":"2020-06-30T08:02:25","date_gmt":"2020-06-30T08:02:25","guid":{"rendered":"http:\/\/eh2solutions.com\/?page_id=235"},"modified":"2025-09-09T09:49:21","modified_gmt":"2025-09-09T09:49:21","slug":"legal-contact","status":"publish","type":"page","link":"https:\/\/eh2solutions.com\/fr\/legal-contact","title":{"rendered":"L\u00e9gal &#038; contact"},"content":{"rendered":"<p>Raison sociale :<br>E.H2 SOLUTIONS SAS (Soci\u00e9t\u00e9 par Actions Simplifi\u00e9e)<\/p>\n<p><!-- \/wp:post-content --><\/p>\n<p><!-- wp:paragraph --><\/p>\n<p>Siren : 801493719<\/p>\n<p><!-- \/wp:paragraph --><\/p>\n<p><!-- wp:paragraph --><\/p>\n<p>Siret :<br>80149371900034 (si\u00e8ge)<\/p>\n<p><!-- \/wp:paragraph --><\/p>\n<p><!-- wp:paragraph --><\/p>\n<p>80149371900042 (Marseille)<\/p>\n<p><!-- \/wp:paragraph --><\/p>\n<p><!-- wp:paragraph --><\/p>\n<p>TVA Intracommunautaire : FR64801493719<\/p>\n<p><!-- \/wp:paragraph --><\/p>\n<p><!-- wp:paragraph --><\/p>\n<p>Greffe : RCS Versailles<\/p>\n<p><!-- \/wp:paragraph --><\/p>\n<p><!-- wp:paragraph --><\/p>\n<p>NAF \/ APE Code : 7022Z<\/p>\n<p><!-- \/wp:paragraph --><\/p>\n<p><!-- wp:paragraph --><\/p>\n<p>Adresse:<\/p>\n<p><!-- \/wp:paragraph --><\/p>\n<p><!-- wp:paragraph --><\/p>\n<p>6 rue Magenta, 78000 Versailles, France.<\/p>\n<p><!-- \/wp:paragraph --><\/p>\t\t\n\t\t\t<iframe loading=\"lazy\"\n\t\t\t\t\tsrc=\"https:\/\/maps.google.com\/maps?q=6%20rue%20Magenta%2078000%20Versailles%20France&#038;t=m&#038;z=13&#038;output=embed&#038;iwloc=near\"\n\t\t\t\t\ttitle=\"6 rue Magenta 78000 Versailles France\"\n\t\t\t\t\taria-label=\"6 rue Magenta 78000 Versailles France\"\n\t\t\t><\/iframe>","protected":false},"excerpt":{"rendered":"<p>Raison sociale :E.H2 SOLUTIONS SAS (Soci\u00e9t\u00e9 par Actions Simplifi\u00e9e) Siren : 801493719 Siret :80149371900034 (si\u00e8ge) 80149371900042 (Marseille) TVA Intracommunautaire : FR64801493719 Greffe : RCS Versailles NAF \/ APE Code : 7022Z Adresse: 6 rue Magenta, 78000 Versailles, France.<\/p>\n","protected":false},"author":1,"featured_media":0,"parent":0,"menu_order":0,"comment_status":"closed","ping_status":"closed","template":"","meta":{"footnotes":""},"class_list":["post-235","page","type-page","status-publish","hentry"],"translation":{"provider":"WPGlobus","version":"3.0.0","language":"fr","enabled_languages":["en","fr"],"languages":{"en":{"title":true,"content":true,"excerpt":false},"fr":{"title":true,"content":true,"excerpt":false}}},"_links":{"self":[{"href":"https:\/\/eh2solutions.com\/fr\/wp-json\/wp\/v2\/pages\/235","targetHints":{"allow":["GET"]}}],"collection":[{"href":"https:\/\/eh2solutions.com\/fr\/wp-json\/wp\/v2\/pages"}],"about":[{"href":"https:\/\/eh2solutions.com\/fr\/wp-json\/wp\/v2\/types\/page"}],"author":[{"embeddable":true,"href":"https:\/\/eh2solutions.com\/fr\/wp-json\/wp\/v2\/users\/1"}],"replies":[{"embeddable":true,"href":"https:\/\/eh2solutions.com\/fr\/wp-json\/wp\/v2\/comments?post=235"}],"version-history":[{"count":46,"href":"https:\/\/eh2solutions.com\/fr\/wp-json\/wp\/v2\/pages\/235\/revisions"}],"predecessor-version":[{"id":401,"href":"https:\/\/eh2solutions.com\/fr\/wp-json\/wp\/v2\/pages\/235\/revisions\/401"}],"wp:attachment":[{"href":"https:\/\/eh2solutions.com\/fr\/wp-json\/wp\/v2\/media?parent=235"}],"curies":[{"name":"wp","href":"https:\/\/api.w.org\/{rel}","templated":true}]}}